{"id":4577,"date":"2025-10-08T13:49:08","date_gmt":"2025-10-08T13:49:08","guid":{"rendered":"https:\/\/sunsands-invest.com\/hukuki-yardim\/"},"modified":"2025-10-27T11:07:47","modified_gmt":"2025-10-27T11:07:47","slug":"hukuki-yardim","status":"publish","type":"page","link":"https:\/\/sunsands-invest.com\/tr\/hukuki-yardim\/","title":{"rendered":"Hukuki Yard\u0131m"},"content":{"rendered":"\n<h2 class=\"wp-block-heading\"><strong>GAYR\u0130MENKUL VE \u0130N\u015eAAT HUKUKU<br\/><\/strong><br\/><\/h2>\n\n<p><br\/>Yerel ve uluslararas\u0131 d\u00fczeyde, bankac\u0131l\u0131k ve finans alan\u0131nda kapsaml\u0131 ve \u00e7\u00f6z\u00fcm odakl\u0131 hukuki hizmetler sunuyoruz. M\u00fc\u015fteri portf\u00f6y\u00fcm\u00fcz; T\u00fcrkiye\u2019de ve yurt d\u0131\u015f\u0131nda faaliyet g\u00f6steren bankalar, finans kurulu\u015flar\u0131, yat\u0131r\u0131mc\u0131lar ve \u015firketleri kapsamaktad\u0131r. <\/p>\n\n<p>T\u00fcrkiye\u2019deki i\u015flemleriyle ba\u011flant\u0131l\u0131 olarak yerli ve yabanc\u0131 bankalara, kredi verenlere, temsilcilere, kefillere ve di\u011fer finansal payda\u015flara hukuki dan\u0131\u015fmanl\u0131k hizmeti sunuyoruz. Ayr\u0131ca ticaret, sanayi ve hizmet sekt\u00f6rlerinde faaliyet g\u00f6steren \u015firketlere, finansal kurulu\u015flarla olan ili\u015fkileri konusunda stratejik rehberlik sa\u011fl\u0131yoruz. <\/p>\n\n<p>Hem yerel hem de s\u0131n\u0131r \u00f6tesi finansal i\u015flemlerde aktif olarak yer al\u0131yoruz. M\u00fc\u015fterilerimizin yat\u0131r\u0131m ve likidite hedeflerine ula\u015fmalar\u0131na yard\u0131mc\u0131 olmak i\u00e7in yenilik\u00e7i ve vergi a\u00e7\u0131s\u0131ndan verimli finansal yap\u0131lar konusunda dan\u0131\u015fmanl\u0131k hizmeti sunuyoruz. <\/p>\n\n<p><\/p>\n\n<h2 class=\"wp-block-heading\"><strong>G\u00d6\u00c7MENL\u0130K VE VATANDA\u015eLIK HUKUKU<\/strong><\/h2>\n\n<p><\/p>\n\n<p>Sun &amp; Sands olarak, g\u00f6\u00e7menlik ve vatanda\u015fl\u0131k s\u00fcre\u00e7lerinde bireylere, ailelere ve yat\u0131r\u0131mc\u0131lara \u00f6zel olarak tasarlanm\u0131\u015f hukuki hizmetler sunuyoruz. Uzmanl\u0131\u011f\u0131m\u0131z; oturma izinleri, aile birle\u015fimi, vatanda\u015fl\u0131k ba\u015fvurular\u0131, uyu\u015fmazl\u0131klar\u0131n \u00e7\u00f6z\u00fcm\u00fc ve son y\u0131llarda b\u00fcy\u00fck ilgi g\u00f6ren yat\u0131r\u0131m yoluyla vatanda\u015fl\u0131k (CBI) programlar\u0131n\u0131 kapsamaktad\u0131r. <\/p>\n\n<p>Yat\u0131r\u0131m Yoluyla Vatanda\u015fl\u0131k<br\/> <br\/>Yat\u0131r\u0131m yoluyla vatanda\u015fl\u0131k program\u0131, y\u00fcksek gelir d\u00fczeyine sahip bireyler i\u00e7in uygun yat\u0131r\u0131m arac\u0131l\u0131\u011f\u0131yla yabanc\u0131 bir \u00fclkede vatanda\u015fl\u0131k elde etmenin stratejik bir yolunu sunar.<\/p>\n\n<p>\u0130lk program se\u00e7imi ve yat\u0131r\u0131m\u0131n yap\u0131land\u0131r\u0131lmas\u0131ndan, \u00f6n inceleme belgelerinin haz\u0131rlanmas\u0131na, ba\u015fvurunun yap\u0131lmas\u0131na ve nihai onay s\u00fcrecine kadar t\u00fcm a\u015famalar\u0131 y\u00f6netiyoruz. T\u00fcm hukuki, mali ve idari gereklilikleri yerine getirerek gecikmeleri en aza indiriyor ve ba\u015far\u0131 \u015fans\u0131n\u0131z\u0131 en \u00fcst d\u00fczeye \u00e7\u0131kar\u0131yoruz. <\/p>\n\n<p>Vatanda\u015fl\u0131k sonras\u0131 konularda da dan\u0131\u015fmanl\u0131k sa\u011fl\u0131yoruz \u2014 pasaport yenilemeleri, yasal y\u00fck\u00fcml\u00fcl\u00fckler ve \u00e7ifte veya \u00e7oklu vatanda\u015fl\u0131\u011f\u0131n stratejik kullan\u0131m\u0131 gibi alanlarda. Amac\u0131m\u0131z, s\u00fcreci yaln\u0131zca hukuken do\u011fru de\u011fil, ayn\u0131 zamanda sizin ve aileniz i\u00e7in stratejik olarak da avantajl\u0131 hale getirmektir.  <\/p>\n\n<p><strong>Neden Sun &amp; Sands?<\/strong><br\/><br\/>Sun &amp; Sands\u2019i se\u00e7mek, g\u00f6\u00e7menlik ve vatanda\u015fl\u0131k hukukunun y\u00fcksek \u00f6neme sahip ve karma\u015f\u0131k yap\u0131s\u0131n\u0131 derinlemesine anlayan bir ekiple \u00e7al\u0131\u015fmak anlam\u0131na gelir. Avukatlar\u0131m\u0131z, T\u00fcrkiye Cumhuriyeti\u2019nin yat\u0131r\u0131m yoluyla vatanda\u015fl\u0131k (CBI) program\u0131nda geni\u015f deneyime sahiptir. Her m\u00fc\u015fterinin ihtiya\u00e7lar\u0131na g\u00f6re \u015fekillendirilmi\u015f gizli, verimli ve sonu\u00e7 odakl\u0131 hizmetler sunuyoruz. Hukuki hassasiyet ile stratejik \u00f6ng\u00f6r\u00fcy\u00fc birle\u015ftirerek, hedeflerinize g\u00fcven, h\u0131z ve huzur i\u00e7inde ula\u015fman\u0131z\u0131 sa\u011fl\u0131yoruz.   <br\/><br\/><br\/><\/p>\n","protected":false},"excerpt":{"rendered":"<p>GAYR\u0130MENKUL VE \u0130N\u015eAAT HUKUKU Yerel ve uluslararas\u0131 d\u00fczeyde, bankac\u0131l\u0131k ve finans alan\u0131nda kapsaml\u0131 ve \u00e7\u00f6z\u00fcm odakl\u0131 hukuki hizmetler sunuyoruz. M\u00fc\u015fteri portf\u00f6y\u00fcm\u00fcz; T\u00fcrkiye\u2019de ve yurt d\u0131\u015f\u0131nda faaliyet<span class=\"excerpt-hellip\"> [\u2026]<\/span><\/p>\n","protected":false},"author":1,"featured_media":0,"parent":0,"menu_order":0,"comment_status":"closed","ping_status":"closed","template":"","meta":{"footnotes":""},"class_list":["post-4577","page","type-page","status-publish","hentry"],"_links":{"self":[{"href":"https:\/\/sunsands-invest.com\/tr\/wp-json\/wp\/v2\/pages\/4577","targetHints":{"allow":["GET"]}}],"collection":[{"href":"https:\/\/sunsands-invest.com\/tr\/wp-json\/wp\/v2\/pages"}],"about":[{"href":"https:\/\/sunsands-invest.com\/tr\/wp-json\/wp\/v2\/types\/page"}],"author":[{"embeddable":true,"href":"https:\/\/sunsands-invest.com\/tr\/wp-json\/wp\/v2\/users\/1"}],"replies":[{"embeddable":true,"href":"https:\/\/sunsands-invest.com\/tr\/wp-json\/wp\/v2\/comments?post=4577"}],"version-history":[{"count":1,"href":"https:\/\/sunsands-invest.com\/tr\/wp-json\/wp\/v2\/pages\/4577\/revisions"}],"predecessor-version":[{"id":4578,"href":"https:\/\/sunsands-invest.com\/tr\/wp-json\/wp\/v2\/pages\/4577\/revisions\/4578"}],"wp:attachment":[{"href":"https:\/\/sunsands-invest.com\/tr\/wp-json\/wp\/v2\/media?parent=4577"}],"curies":[{"name":"wp","href":"https:\/\/api.w.org\/{rel}","templated":true}]}}