{"id":4509,"date":"2025-10-04T14:13:26","date_gmt":"2025-10-04T14:13:26","guid":{"rendered":"https:\/\/sunsands-invest.com\/turkiye-hakkinda\/"},"modified":"2025-10-27T09:50:13","modified_gmt":"2025-10-27T09:50:13","slug":"turkiye-hakkinda","status":"publish","type":"page","link":"https:\/\/sunsands-invest.com\/tr\/turkiye-hakkinda\/","title":{"rendered":"T\u00fcrkiye hakk\u0131nda"},"content":{"rendered":"\n<h2 class=\"wp-block-heading\"><strong>Neden T\u00fcrkiye?<\/strong><\/h2>\n\n<h3 class=\"wp-block-heading\"><strong>K\u0131talar Aras\u0131nda Bir K\u00f6pr\u00fc<br\/><br\/><\/strong><\/h3>\n\n<p>Avrupa ile Asya\u2019n\u0131n kesi\u015fim noktas\u0131nda bulunan T\u00fcrkiye, Do\u011fu k\u00fclt\u00fcr\u00fcn\u00fc Bat\u0131 konforuyla harmanlar \u2014 tarihin modernlikle bulu\u015ftu\u011fu, her y\u0131l milyonlarca ziyaret\u00e7i ve yat\u0131r\u0131mc\u0131n\u0131n geldi\u011fi bir \u00fclkedir. <\/p>\n\n<hr class=\"wp-block-separator has-alpha-channel-opacity\"\/>\n\n<h3 class=\"wp-block-heading\"><strong>K\u00fcresel Etkiye Sahip G\u00fc\u00e7l\u00fc Bir Ekonomi<br\/><\/strong><\/h3>\n\n<p>T\u00fcrkiye\u2019nin h\u0131zla b\u00fcy\u00fcyen ekonomisi, geli\u015fmi\u015f altyap\u0131s\u0131 ve stratejik konumu, onu d\u00fcnyan\u0131n en dinamik geli\u015fen pazarlar\u0131ndan biri yapar. Gayrimenkul, y\u00fcksek kira getirisi ve g\u00fc\u00e7l\u00fc de\u011fer art\u0131\u015f\u0131 sunar. <\/p>\n\n<hr class=\"wp-block-separator has-alpha-channel-opacity\"\/>\n\n<h3 class=\"wp-block-heading\"><strong>Yat\u0131r\u0131m Yoluyla Vatanda\u015fl\u0131k ve Oturum<br\/><\/strong><\/h3>\n\n<p>En az 400.000 ABD dolar\u0131 tutar\u0131nda gayrimenkul yat\u0131r\u0131m\u0131yla yabanc\u0131 al\u0131c\u0131lar kendileri ve aileleri i\u00e7in T\u00fcrk vatanda\u015fl\u0131\u011f\u0131 alabilir \u2014 110\u2019dan fazla \u00fclkeye vizesiz eri\u015fim ve T\u00fcrkiye\u2019de ya\u015fama, \u00e7al\u0131\u015fma veya emeklilik \u00f6zg\u00fcrl\u00fc\u011f\u00fc kazan\u0131r. <\/p>\n\n<hr class=\"wp-block-separator has-alpha-channel-opacity\"\/>\n\n<h3 class=\"wp-block-heading\"><strong>Konfor, K\u00fclt\u00fcr ve G\u00fczelli\u011fin Birle\u015fti\u011fi Ya\u015fam<\/strong><\/h3>\n\n<p>Antalya\u2019n\u0131n g\u00f6z kama\u015ft\u0131r\u0131c\u0131 sahillerinden \u0130stanbul\u2019un canl\u0131 ya\u015fam\u0131na ve Ege\u2019nin huzurlu do\u011fas\u0131na kadar T\u00fcrkiye, aileler, yat\u0131r\u0131mc\u0131lar ve emekliler i\u00e7in s\u0131n\u0131rs\u0131z ya\u015fam se\u00e7enekleri sunar. D\u00fcnya standartlar\u0131ndaki restoranlar, sa\u011fl\u0131k, e\u011fitim ve e\u011flence olanaklar\u0131yla T\u00fcrkiye, hem l\u00fcks hem de ula\u015f\u0131labilir bir ya\u015fam tarz\u0131 sunar. <\/p>\n\n<hr class=\"wp-block-separator has-alpha-channel-opacity\"\/>\n\n<h3 class=\"wp-block-heading\"><strong>G\u00fc\u00e7l\u00fc M\u00fclkiyet Haklar\u0131 ve Hukuki Koruma<\/strong><\/h3>\n\n<p>T\u00fcrkiye, a\u00e7\u0131k ve sa\u011flam m\u00fclkiyet yasalar\u0131yla yat\u0131r\u0131mc\u0131ya g\u00fc\u00e7l\u00fc bir g\u00fcvence sa\u011flar. Yabanc\u0131 al\u0131c\u0131lar gayrimenkul\u00fc kolayl\u0131kla al\u0131p satabilir ve bizim gibi profesyonel hukuk ekiplerinin deste\u011fiyle t\u00fcm i\u015flemler \u015feffaf ve tamamen yasal \u00e7er\u00e7evede ger\u00e7ekle\u015fir. <\/p>\n\n<hr class=\"wp-block-separator has-alpha-channel-opacity\"\/>\n\n<h3 class=\"wp-block-heading\"><strong>Y\u00fcksek Yat\u0131r\u0131m Getirisi Potansiyeli<br\/><\/strong><\/h3>\n\n<p>Turistik \u015fehirlerdeki k\u0131sa vadeli kira f\u0131rsatlar\u0131ndan geli\u015fmekte olan b\u00f6lgelerdeki uzun vadeli sermaye art\u0131\u015f\u0131na kadar T\u00fcrkiye, yat\u0131r\u0131mc\u0131lara servetlerini art\u0131rman\u0131n bir\u00e7ok yolunu sunar. \u0130stanbul Havaliman\u0131 ve Kanal \u0130stanbul gibi b\u00fcy\u00fck \u00f6l\u00e7ekli projeler, \u00fclke genelinde gayrimenkul talebini s\u00fcrekli olarak g\u00fc\u00e7lendirmektedir. <\/p>\n\n<hr class=\"wp-block-separator has-alpha-channel-opacity\"\/>\n\n<h3 class=\"wp-block-heading\"><strong>G\u00fcvenli, Misafirperver ve S\u0131cak Bir \u00dclke<br\/><\/strong><\/h3>\n\n<p>T\u00fcrkiye, misafirperverli\u011fi, k\u00fclt\u00fcrel \u00e7e\u015fitlili\u011fi ve y\u00fcksek ya\u015fam kalitesiyle tan\u0131n\u0131r. Modern olanaklar\u0131 ve s\u0131cak insan ili\u015fkileriyle her yabanc\u0131ya kendini evinde hissettiren g\u00fcvenli bir ya\u015fam ortam\u0131 sunar. <\/p>\n\n<hr class=\"wp-block-separator has-alpha-channel-opacity\"\/>\n\n<h3 class=\"wp-block-heading\"><strong>T\u00fcrkiye\u2019de Her Yat\u0131r\u0131m, Bir Ya\u015fam Tarz\u0131 Se\u00e7imidir.<br\/><\/strong><\/h3>\n","protected":false},"excerpt":{"rendered":"<p>Neden T\u00fcrkiye? K\u0131talar Aras\u0131nda Bir K\u00f6pr\u00fc Avrupa ile Asya\u2019n\u0131n kesi\u015fim noktas\u0131nda bulunan T\u00fcrkiye, Do\u011fu k\u00fclt\u00fcr\u00fcn\u00fc Bat\u0131 konforuyla harmanlar \u2014 tarihin modernlikle bulu\u015ftu\u011fu, her y\u0131l milyonlarca ziyaret\u00e7i<span class=\"excerpt-hellip\"> [\u2026]<\/span><\/p>\n","protected":false},"author":1,"featured_media":0,"parent":0,"menu_order":0,"comment_status":"closed","ping_status":"closed","template":"","meta":{"footnotes":""},"class_list":["post-4509","page","type-page","status-publish","hentry"],"_links":{"self":[{"href":"https:\/\/sunsands-invest.com\/tr\/wp-json\/wp\/v2\/pages\/4509","targetHints":{"allow":["GET"]}}],"collection":[{"href":"https:\/\/sunsands-invest.com\/tr\/wp-json\/wp\/v2\/pages"}],"about":[{"href":"https:\/\/sunsands-invest.com\/tr\/wp-json\/wp\/v2\/types\/page"}],"author":[{"embeddable":true,"href":"https:\/\/sunsands-invest.com\/tr\/wp-json\/wp\/v2\/users\/1"}],"replies":[{"embeddable":true,"href":"https:\/\/sunsands-invest.com\/tr\/wp-json\/wp\/v2\/comments?post=4509"}],"version-history":[{"count":1,"href":"https:\/\/sunsands-invest.com\/tr\/wp-json\/wp\/v2\/pages\/4509\/revisions"}],"predecessor-version":[{"id":4510,"href":"https:\/\/sunsands-invest.com\/tr\/wp-json\/wp\/v2\/pages\/4509\/revisions\/4510"}],"wp:attachment":[{"href":"https:\/\/sunsands-invest.com\/tr\/wp-json\/wp\/v2\/media?parent=4509"}],"curies":[{"name":"wp","href":"https:\/\/api.w.org\/{rel}","templated":true}]}}