{"id":4494,"date":"2025-09-27T09:16:41","date_gmt":"2025-09-27T09:16:41","guid":{"rendered":"https:\/\/sunsands-invest.com\/hakkimizda\/"},"modified":"2025-10-27T09:15:48","modified_gmt":"2025-10-27T09:15:48","slug":"hakkimizda","status":"publish","type":"page","link":"https:\/\/sunsands-invest.com\/tr\/hakkimizda\/","title":{"rendered":"Hakk\u0131m\u0131zda"},"content":{"rendered":"<p><img decoding=\"async\" src=\"https:\/\/sunsands-invest.com\/wp-content\/uploads\/2025\/10\/Untitled-design-5w-1200x675.png\" alt=\"\" width=\"1200\" height=\"675\"><\/p>\n<h2><strong>Hakk\u0131m\u0131zda Sun &amp; Sands<\/strong><\/h2>\n<p>2010 y\u0131l\u0131nda \u0130stanbul\u2019da kurulan Sun &amp; Sands Real Estate, d\u00fcr\u00fcstl\u00fc\u011f\u00fc, uzmanl\u0131\u011f\u0131 ve m\u00fc\u015fteri memnuniyetine ba\u011fl\u0131l\u0131\u011f\u0131yla T\u00fcrkiye\u2019nin \u00f6nde gelen gayrimenkul \u015firketlerinden biri haline gelmi\u015ftir.<br \/>Istanbul, \u0130zmit ve Dubai \u015fubelerimizle, Orta Do\u011fu, Avrupa ve Asya\u2019dan gelen yat\u0131r\u0131mc\u0131lar ve ailelere hizmet veriyoruz; onlara yaln\u0131zca m\u00fclk de\u011fil, kal\u0131c\u0131 de\u011fer ve g\u00fcven duygusu sunuyoruz.<\/p>\n<p>Sun &amp; Sands\u2019ta, T\u00fcrkiye\u2019de m\u00fclk sat\u0131n almak veya yat\u0131r\u0131m yapmak yaln\u0131zca bir i\u015flem de\u011fildir \u2014 bu, g\u00fcven, \u015feffafl\u0131k ve ortak ba\u015far\u0131ya dayal\u0131 uzun vadeli bir i\u015f ortakl\u0131\u011f\u0131n\u0131n ba\u015flang\u0131c\u0131d\u0131r.<br \/>\u00c7ok dilli, lisansl\u0131 emlak dan\u0131\u015fmanlar\u0131 ve hukuk uzmanlar\u0131ndan olu\u015fan ekibimiz, m\u00fclk se\u00e7iminden tapu devrine ve vatanda\u015fl\u0131k ba\u015fvurusuna kadar her ad\u0131m\u0131 titizlikle ve \u00f6zenle y\u00f6netir. <\/p>\n<p>T\u00fcrkiye\u2019nin \u00f6nde gelen in\u015faat firmalar\u0131yla do\u011frudan i\u015f birli\u011fi yaparak m\u00fc\u015fterilerimize \u00fclkenin en se\u00e7kin konut ve ticari projelerine \u00f6zel eri\u015fim sa\u011fl\u0131yoruz.<br \/>Ya\u015fam kalitenizi art\u0131rmak, k\u00e2rl\u0131 bir yat\u0131r\u0131m yapmak veya gayrimenkul yoluyla T\u00fcrk vatanda\u015fl\u0131\u011f\u0131 elde etmek istiyorsan\u0131z, bu s\u00fcreci sizin i\u00e7in basit, g\u00fcvenli ve kazan\u00e7l\u0131 hale getiriyoruz. <\/p>\n<p>Son on y\u0131lda, y\u00fczlerce yat\u0131r\u0131mc\u0131n\u0131n T\u00fcrkiye pazar\u0131na ba\u015far\u0131yla giri\u015f yapmas\u0131na, vatanda\u015fl\u0131k kazanmas\u0131na, d\u00fczenli kira geliri elde etmesine ve aileleri i\u00e7in g\u00fc\u00e7l\u00fc bir gelecek in\u015fa etmesine yard\u0131mc\u0131 olduk.<\/p>\n<h3 data-start=\"218\" data-end=\"239\"><strong data-start=\"222\" data-end=\"237\">Misyonumuz<\/strong><\/h3>\n<p data-start=\"240\" data-end=\"607\">Sun &amp; Sands Real Estate olarak misyonumuz, yaln\u0131zca m\u00fclk satmak de\u011fildir. G\u00fcvene, d\u00fcr\u00fcstl\u00fc\u011fe ve uzun vadeli i\u015f birliklerine dayanan yeni bir gayrimenkul deneyimi standard\u0131 olu\u015fturmay\u0131 hedefliyoruz.<br data-start=\"319\" data-end=\"322\">Amac\u0131m\u0131z, her m\u00fc\u015fterimizin yat\u0131r\u0131m s\u00fcrecinin her a\u015famas\u0131nda kendini desteklenmi\u015f hissederken bilin\u00e7li ve g\u00fcvenli kararlar almas\u0131n\u0131 sa\u011flamakt\u0131r.<br data-start=\"455\" data-end=\"458\"><\/p>\n<p data-start=\"609\" data-end=\"631\">Taahh\u00fctlerimiz:<\/p>\n<ul data-start=\"632\" data-end=\"1055\">\n<li data-start=\"632\" data-end=\"731\">\n<p data-start=\"634\" data-end=\"731\">M\u00fc\u015fterilerimizin bilin\u00e7li ve g\u00fcvenli yat\u0131r\u0131m yapabilmesi i\u00e7in do\u011fru ve veriye dayal\u0131 piyasa analizleri sunmak.<\/p>\n<\/li>\n<li data-start=\"732\" data-end=\"838\">\n<p data-start=\"734\" data-end=\"838\">Uzman ekibimiz arac\u0131l\u0131\u011f\u0131yla hukuki ve finansal s\u00fcre\u00e7lerde tam \u015feffafl\u0131k sa\u011flamak.<\/p>\n<\/li>\n<li data-start=\"839\" data-end=\"958\">\n<p data-start=\"841\" data-end=\"958\">Uzun vadeli memnuniyet i\u00e7in sat\u0131\u015f sonras\u0131 destek ve m\u00fclk y\u00f6netimi hizmetleri sunmak.<\/p>\n<\/li>\n<li data-start=\"959\" data-end=\"1055\">\n<p data-start=\"961\" data-end=\"1055\">Her i\u015flemi ortak bir ba\u015far\u0131 hikayesine d\u00f6n\u00fc\u015ft\u00fcrecek uzun s\u00fcreli ili\u015fkiler kurmak.<\/p>\n<\/li>\n<\/ul>\n<p data-start=\"1057\" data-end=\"1199\">Bizim i\u00e7in bir m\u00fclk sat\u0131\u015f\u0131 s\u00fcrecin sonu de\u011fil; g\u00fcven, kalite ve ba\u015far\u0131 temelleri \u00fczerine kurulu bir ortakl\u0131\u011f\u0131n ba\u015flang\u0131c\u0131d\u0131r.<\/p>\n<h3 data-start=\"1206\" data-end=\"1226\"><strong data-start=\"1210\" data-end=\"1224\">Vizyonumuz<\/strong><\/h3>\n<p data-start=\"1227\" data-end=\"1411\">\n<p data-start=\"1413\" data-end=\"1568\">Sun &amp; Sands\u2019in Do\u011fu ile Bat\u0131 aras\u0131nda bir k\u00f6pr\u00fc g\u00f6revi \u00fcstlenerek insanlar\u0131, k\u00fclt\u00fcrleri ve f\u0131rsatlar\u0131 gayrimenkul arac\u0131l\u0131\u011f\u0131yla birle\u015ftirdi\u011fi bir gelecek hayal ediyoruz.<\/p>\n<p data-start=\"1570\" data-end=\"1624\">Bu vizyona ula\u015fmak i\u00e7in \u015fu ilkelere ba\u011fl\u0131y\u0131z:<\/p>\n<ul data-start=\"1625\" data-end=\"1926\">\n<li data-start=\"1625\" data-end=\"1690\">\n<p data-start=\"1627\" data-end=\"1690\">M\u00fc\u015fteri ili\u015fkilerinin her a\u015famas\u0131nda tam \u015feffafl\u0131k.<\/p>\n<\/li>\n<li data-start=\"1691\" data-end=\"1772\">\n<p data-start=\"1693\" data-end=\"1772\">Teknoloji, modern pazarlama ve piyasa zek\u00e2s\u0131 yoluyla yenilik\u00e7ilik.<\/p>\n<\/li>\n<li data-start=\"1773\" data-end=\"1847\">\n<p data-start=\"1775\" data-end=\"1847\">Farkl\u0131 b\u00f6lgelerde stratejik i\u015f birlikleri kurarak k\u00fcresel b\u00fcy\u00fcme.<\/p>\n<\/li>\n<li data-start=\"1848\" data-end=\"1926\">\n<p data-start=\"1850\" data-end=\"1926\">M\u00fc\u015fterilerimiz, i\u015f ortaklar\u0131m\u0131z ve toplum i\u00e7in s\u00fcrd\u00fcr\u00fclebilir de\u011fer yaratmak.<\/p>\n<\/li>\n<\/ul>\n<p data-start=\"1928\" data-end=\"2050\">Sonu\u00e7 olarak, insanlar Sun &amp; Sands ad\u0131n\u0131 duydu\u011funda ak\u0131llar\u0131na g\u00fcven, kalite ve sa\u011flam bir gelecek gelmelidir.<\/p>\n\n<p><\/p>\n","protected":false},"excerpt":{"rendered":"<p>Hakk\u0131m\u0131zda Sun &amp; Sands 2010 y\u0131l\u0131nda \u0130stanbul\u2019da kurulan Sun &amp; Sands Real Estate, d\u00fcr\u00fcstl\u00fc\u011f\u00fc, uzmanl\u0131\u011f\u0131 ve m\u00fc\u015fteri memnuniyetine ba\u011fl\u0131l\u0131\u011f\u0131yla T\u00fcrkiye\u2019nin \u00f6nde gelen gayrimenkul \u015firketlerinden biri haline<span class=\"excerpt-hellip\"> [\u2026]<\/span><\/p>\n","protected":false},"author":1,"featured_media":0,"parent":0,"menu_order":0,"comment_status":"closed","ping_status":"closed","template":"","meta":{"footnotes":""},"class_list":["post-4494","page","type-page","status-publish","hentry"],"_links":{"self":[{"href":"https:\/\/sunsands-invest.com\/tr\/wp-json\/wp\/v2\/pages\/4494","targetHints":{"allow":["GET"]}}],"collection":[{"href":"https:\/\/sunsands-invest.com\/tr\/wp-json\/wp\/v2\/pages"}],"about":[{"href":"https:\/\/sunsands-invest.com\/tr\/wp-json\/wp\/v2\/types\/page"}],"author":[{"embeddable":true,"href":"https:\/\/sunsands-invest.com\/tr\/wp-json\/wp\/v2\/users\/1"}],"replies":[{"embeddable":true,"href":"https:\/\/sunsands-invest.com\/tr\/wp-json\/wp\/v2\/comments?post=4494"}],"version-history":[{"count":1,"href":"https:\/\/sunsands-invest.com\/tr\/wp-json\/wp\/v2\/pages\/4494\/revisions"}],"predecessor-version":[{"id":4495,"href":"https:\/\/sunsands-invest.com\/tr\/wp-json\/wp\/v2\/pages\/4494\/revisions\/4495"}],"wp:attachment":[{"href":"https:\/\/sunsands-invest.com\/tr\/wp-json\/wp\/v2\/media?parent=4494"}],"curies":[{"name":"wp","href":"https:\/\/api.w.org\/{rel}","templated":true}]}}